{"id":55,"date":"2021-02-04T09:32:16","date_gmt":"2021-02-04T09:32:16","guid":{"rendered":"https:\/\/ecrinm3.usal.es\/?page_id=55"},"modified":"2021-03-17T11:02:45","modified_gmt":"2021-03-17T11:02:45","slug":"contact-us","status":"publish","type":"page","link":"https:\/\/ecrinm3.usal.es\/?page_id=55","title":{"rendered":"CONTACT US"},"content":{"rendered":"\n<p>If you have any queries about ECRIN-M3 and its services, or if you are interested in collaborating with ECRIN-M3, our team of experienced clinical and technical experts are on hand to help.<\/p>\n\n\n\n<div class=\"wp-block-columns\">\n<div class=\"wp-block-column\" style=\"flex-basis:66.66%\">\n<p><iframe style=\"border: 0;\" tabindex=\"0\" src=\"https:\/\/www.google.com\/maps\/embed?pb=!1m14!1m8!1m3!1d12051.189045341125!2d-5.677614!3d40.96402!3m2!1i1024!2i768!4f13.1!3m3!1m2!1s0x0%3A0xe719d26699a4a987!2sCentro%20de%20Investigaci%C3%B3n%20del%20C%C3%A1ncer!5e0!3m2!1ses!2ses!4v1612796459643!5m2!1ses!2ses\" width=\"600\" height=\"450\" frameborder=\"0\" allowfullscreen=\"allowfullscreen\" aria-hidden=\"false\"><\/iframe><\/p>\n<\/div>\n\n\n\n<div class=\"wp-block-column is-vertically-aligned-center\" style=\"flex-basis:33.33%\">\n<p><i class=\"fas fa-building\"><\/i> ECRIN-M3 CONSORTIUM<br>Centro de Investigaci\u00f3n del C\u00e1ncer<br>Campus Miguel de Unamuno<br>37007 Salamanca (Espa\u00f1a)<\/p>\n\n\n\n<p><i class=\"fas fa-envelope-square\"><\/i> <a href=\"mailto:ecrinm3@usal.es\">ecrinm3@usal.es<\/a><\/p>\n<\/div>\n<\/div>\n","protected":false},"excerpt":{"rendered":"<p>If you have any queries about ECRIN-M3 and its services, or if you are interested in collaborating with ECRIN-M3, our team of experienced clinical and technical experts are on hand to help. ECRIN-M3 CONSORTIUMCentro de Investigaci\u00f3n del C\u00e1ncerCampus Miguel de Unamuno37007 Salamanca (Espa\u00f1a) ecrinm3@usal.es<\/p>\n","protected":false},"author":1,"featured_media":0,"parent":0,"menu_order":0,"comment_status":"closed","ping_status":"closed","template":"templates\/template-fullwidth.php","meta":[],"_links":{"self":[{"href":"https:\/\/ecrinm3.usal.es\/index.php?rest_route=\/wp\/v2\/pages\/55"}],"collection":[{"href":"https:\/\/ecrinm3.usal.es\/index.php?rest_route=\/wp\/v2\/pages"}],"about":[{"href":"https:\/\/ecrinm3.usal.es\/index.php?rest_route=\/wp\/v2\/types\/page"}],"author":[{"embeddable":true,"href":"https:\/\/ecrinm3.usal.es\/index.php?rest_route=\/wp\/v2\/users\/1"}],"replies":[{"embeddable":true,"href":"https:\/\/ecrinm3.usal.es\/index.php?rest_route=%2Fwp%2Fv2%2Fcomments&post=55"}],"version-history":[{"count":58,"href":"https:\/\/ecrinm3.usal.es\/index.php?rest_route=\/wp\/v2\/pages\/55\/revisions"}],"predecessor-version":[{"id":1415,"href":"https:\/\/ecrinm3.usal.es\/index.php?rest_route=\/wp\/v2\/pages\/55\/revisions\/1415"}],"wp:attachment":[{"href":"https:\/\/ecrinm3.usal.es\/index.php?rest_route=%2Fwp%2Fv2%2Fmedia&parent=55"}],"curies":[{"name":"wp","href":"https:\/\/api.w.org\/{rel}","templated":true}]}}